{"id":117,"date":"2026-01-14T11:49:42","date_gmt":"2026-01-14T10:49:42","guid":{"rendered":"https:\/\/hopen-lab.tech\/?page_id=117"},"modified":"2026-01-14T11:58:49","modified_gmt":"2026-01-14T10:58:49","slug":"les-seuils","status":"publish","type":"page","link":"https:\/\/hopen-lab.tech\/index.php\/les-seuils\/","title":{"rendered":"Les seuils"},"content":{"rendered":"\n<div class=\"wp-block-columns alignfull is-layout-flex wp-container-core-columns-is-layout-2d7698b3 wp-block-columns-is-layout-flex\" style=\"padding-right:0;padding-left:0\">\n<div class=\"wp-block-column hopen-sidebar has-white-background-color has-background is-content-justification-left is-layout-constrained wp-container-core-column-is-layout-9c08e696 wp-block-column-is-layout-constrained\" style=\"padding-top:0;padding-right:0;padding-bottom:0;padding-left:0;flex-basis:280px\">\n<div class=\"wp-block-group hopen-sidebar has-white-background-color has-background wp-container-content-9ecdb5e9 is-content-justification-left is-layout-constrained wp-container-core-group-is-layout-12dd3699 wp-block-group-is-layout-constrained\">\n<figure class=\"wp-block-image size-full is-resized\"><img data-opt-id=1666272720  fetchpriority=\"high\" decoding=\"async\" width=\"120\" height=\"120\" src=\"https:\/\/mlf6diro7pqh.i.optimole.com\/w:auto\/h:auto\/q:mauto\/f:best\/https:\/\/hopen-lab.tech\/wp-content\/uploads\/2026\/01\/picto-HOPEN-120.png\" alt=\"\" class=\"wp-image-82\" style=\"width:49px;height:auto\"\/><\/figure>\n\n\n\n<div style=\"height:49px\" aria-hidden=\"true\" class=\"wp-block-spacer\"><\/div>\n\n\n\n<p><a href=\"https:\/\/hopen-lab.tech\/\" data-type=\"page\" data-id=\"7\">Le principe<\/a><\/p>\n\n\n\n<p class=\"has-palette-color-4-color has-text-color has-link-color wp-elements-5a1a4098041a4405d7b0c6dfb4d25c6d\"><mark style=\"background-color:rgba(0, 0, 0, 0)\" class=\"has-inline-color has-palette-color-5-color\">\u25c9<\/mark> <strong>Les seuils<\/strong><\/p>\n\n\n\n<p><a href=\"https:\/\/hopen-lab.tech\/index.php\/le-fonctionnement\/\" data-type=\"page\" data-id=\"121\">Le fonctionnement<\/a><\/p>\n\n\n\n<p><a href=\"https:\/\/hopen-lab.tech\/index.php\/les-terrains\/\" data-type=\"page\" data-id=\"124\">Les terrains<\/a><\/p>\n\n\n\n<div style=\"height:100px\" aria-hidden=\"true\" class=\"wp-block-spacer\"><\/div>\n\n\n\n<hr class=\"wp-block-separator has-alpha-channel-opacity is-style-wide\"\/>\n\n\n\n<div style=\"height:100px\" aria-hidden=\"true\" class=\"wp-block-spacer\"><\/div>\n\n\n\n<p class=\"has-palette-color-2-color has-text-color has-link-color has-small-font-size wp-elements-10f27c1c44f16abce64aa9a9e9795032\" style=\"margin-top:0;margin-bottom:0\">H\u00d8PEN \u00a9 2026<\/p>\n\n\n\n<p class=\"has-palette-color-2-color has-text-color has-link-color has-small-font-size wp-elements-9ac6523b917f1947b229609daa488512\" style=\"margin-top:0;margin-bottom:0\">mentions l\u00e9gales<\/p>\n\n\n\n<p class=\"has-palette-color-2-color has-text-color has-link-color has-small-font-size wp-elements-0eda1e0b66b97f02f0132b731caa7a67\" style=\"margin-top:0;margin-bottom:0;text-decoration:none\"><a href=\"mailto:hello@hopen.studio\">contact<\/a><\/p>\n\n\n\n<p class=\"has-link-color has-small-font-size wp-elements-e70fc0b5d0ad19817c3f3630ad0fc011\" style=\"margin-top:0;margin-bottom:0\"><a href=\"https:\/\/www.linkedin.com\/in\/nsalhi\/\" data-type=\"link\" data-id=\"https:\/\/www.linkedin.com\/in\/nsalhi\/\">linkedIn<\/a><\/p>\n<\/div>\n<\/div>\n\n\n\n<div class=\"wp-block-column hopen-content is-layout-constrained wp-container-core-column-is-layout-bdbfdc43 wp-block-column-is-layout-constrained\" style=\"flex-basis:75%\">\n<div class=\"wp-block-group is-layout-constrained wp-container-core-group-is-layout-ee4a3eba wp-block-group-is-layout-constrained\">\n<div style=\"height:77px\" aria-hidden=\"true\" class=\"wp-block-spacer\"><\/div>\n\n\n\n<h1 class=\"wp-block-heading has-palette-color-4-color has-text-color has-link-color wp-elements-e1cf06022fdedc4db5b9b7a54926208e\" style=\"margin-bottom:var(--wp--preset--spacing--60)\">Les seuils<\/h1>\n\n\n\n<p>H\u00d8PEN sert \u00e0 une chose simple et exigeante :&nbsp;transformer une probl\u00e9matique complexe en action structur\u00e9e.<\/p>\n\n\n\n<p>Une organisation vit de multiples seuils :<\/p>\n\n\n\n<ul class=\"wp-block-list\">\n<li>un d\u00e9ploiement d\u2019IA<\/li>\n\n\n\n<li>une d\u00e9marche RSE<\/li>\n\n\n\n<li>une \u00e9volution de m\u00e9tiers<\/li>\n\n\n\n<li>de nouvelles formes de gouvernance<\/li>\n\n\n\n<li>une r\u00e9organisation<\/li>\n\n\n\n<li>une tension manag\u00e9riale<\/li>\n\n\n\n<li>une d\u00e9cision structurante<\/li>\n<\/ul>\n\n\n\n<p>Ce sont toujours&nbsp;des moments co\u00fbteux&nbsp;non seulement parce qu\u2019ils engagent du temps, de l\u2019\u00e9nergie et des ressources, mais surtout parce qu\u2019on ne sait pas encore&nbsp;ce qui est r\u00e9ellement en train de se jouer&nbsp;\u2026 ni&nbsp;ce que cela va produire<\/p>\n\n\n\n<p>H\u00d8PEN est fait pour travailler ce type de situations.<\/p>\n\n\n\n<h3 class=\"wp-block-heading\" style=\"margin-top:var(--wp--preset--spacing--50);margin-bottom:var(--wp--preset--spacing--30)\"><strong>Ce que H\u00d8PEN permet<\/strong><\/h3>\n\n\n\n<p>H\u00d8PEN permet de passer :<\/p>\n\n\n\n<p>de&nbsp;\u00ab nous sentons que quelque chose est en train de basculer \u00bb&nbsp;\u00e0&nbsp;\u00ab voil\u00e0 ce qui se passe r\u00e9ellement dans notre syst\u00e8me, et ce que nous pouvons faire \u00bb.<\/p>\n\n\n\n<p>Pas sous forme de d\u00e9bat. Pas sous forme d\u2019opinion. Mais sous forme&nbsp;d\u2019\u00e9criture structur\u00e9e du r\u00e9el.<\/p>\n\n\n\n<h3 class=\"wp-block-heading\" style=\"margin-top:var(--wp--preset--spacing--50);margin-bottom:var(--wp--preset--spacing--30)\"><strong>Ce que produit H\u00d8PEN dans une organisation<\/strong><\/h3>\n\n\n\n<p>Quand H\u00d8PEN est utilis\u00e9, le syst\u00e8me obtient :<\/p>\n\n\n\n<ul class=\"wp-block-list\">\n<li>une&nbsp;lecture claire&nbsp;de sa situation<\/li>\n\n\n\n<li>des&nbsp;points d\u2019appui identifiables<\/li>\n\n\n\n<li>des&nbsp;zones de friction visibles<\/li>\n\n\n\n<li>des&nbsp;leviers d\u2019action concrets<\/li>\n<\/ul>\n\n\n\n<p>Et surtout :<\/p>\n\n\n\n<p>une base op\u00e9rable pour d\u00e9cider et agir.<\/p>\n\n\n\n<h3 class=\"wp-block-heading\" style=\"margin-top:var(--wp--preset--spacing--50);margin-bottom:var(--wp--preset--spacing--30)\"><strong>Ce que \u00e7a change<\/strong><\/h3>\n\n\n\n<p>Sans H\u00d8PEN, les organisations r\u00e9agissent : elles arbitrent, bricolent, n\u00e9gocient, compensent.<\/p>\n\n\n\n<p>Avec H\u00d8PEN, elles&nbsp;travaillent leur situation&nbsp;et construisent une trajectoire coh\u00e9rente.<\/p>\n\n\n\n<p>C\u2019est l\u00e0 que naissent :<\/p>\n\n\n\n<p>un plan, un parcours de formation, une r\u00e9organisation, ou une d\u00e9cision strat\u00e9gique.<\/p>\n<\/div>\n<\/div>\n<\/div>\n","protected":false},"excerpt":{"rendered":"<p>Le principe \u25c9 Les seuils Le fonctionnement Les terrains H\u00d8PEN \u00a9 2026 mentions l\u00e9gales contact linkedIn Les seuils H\u00d8PEN sert \u00e0 une chose simple et exigeante :&nbsp;transformer une probl\u00e9matique complexe en action structur\u00e9e. Une organisation vit de multiples seuils : Ce sont toujours&nbsp;des moments co\u00fbteux&nbsp;non seulement parce qu\u2019ils engagent du temps, de l\u2019\u00e9nergie et des [&hellip;]<\/p>\n","protected":false},"author":1,"featured_media":0,"parent":0,"menu_order":0,"comment_status":"closed","ping_status":"closed","template":"","meta":{"footnotes":""},"class_list":["post-117","page","type-page","status-publish","hentry"],"blocksy_meta":{"has_hero_section":"disabled","styles_descriptor":{"styles":{"desktop":"","tablet":"","mobile":""},"google_fonts":[],"version":6},"page_structure_type":"default","disable_header":"yes","disable_footer":"yes"},"_links":{"self":[{"href":"https:\/\/hopen-lab.tech\/index.php\/wp-json\/wp\/v2\/pages\/117","targetHints":{"allow":["GET"]}}],"collection":[{"href":"https:\/\/hopen-lab.tech\/index.php\/wp-json\/wp\/v2\/pages"}],"about":[{"href":"https:\/\/hopen-lab.tech\/index.php\/wp-json\/wp\/v2\/types\/page"}],"author":[{"embeddable":true,"href":"https:\/\/hopen-lab.tech\/index.php\/wp-json\/wp\/v2\/users\/1"}],"replies":[{"embeddable":true,"href":"https:\/\/hopen-lab.tech\/index.php\/wp-json\/wp\/v2\/comments?post=117"}],"version-history":[{"count":3,"href":"https:\/\/hopen-lab.tech\/index.php\/wp-json\/wp\/v2\/pages\/117\/revisions"}],"predecessor-version":[{"id":127,"href":"https:\/\/hopen-lab.tech\/index.php\/wp-json\/wp\/v2\/pages\/117\/revisions\/127"}],"wp:attachment":[{"href":"https:\/\/hopen-lab.tech\/index.php\/wp-json\/wp\/v2\/media?parent=117"}],"curies":[{"name":"wp","href":"https:\/\/api.w.org\/{rel}","templated":true}]}}